{"id":145,"date":"2020-11-09T20:02:36","date_gmt":"2020-11-09T20:02:36","guid":{"rendered":"http:\/\/hotel-seize-nice.ms.decms.eu\/nos-services\/"},"modified":"2022-12-19T16:56:45","modified_gmt":"2022-12-19T16:56:45","slug":"servizi-alberghieri","status":"publish","type":"page","link":"https:\/\/hotelseize.fr\/it\/servizi-alberghieri\/","title":{"rendered":"Servizi alberghieri"},"content":{"rendered":"<p>Per Yannick, la migliore esperienza da vivere nella Citt\u00e0 degli Angeli \u00e8: &#8220;Mangia la&#8221; socca &#8220;, il piatto tipico della Vecchia Nizza al Pipo con un pezzo di pissaladi\u00e8re, una palla di Muscadet o una tazza di Prosecco. \u00bb Ma altre esperienze sono a tua disposizione durante il tuo soggiorno in questo incantevole hotel a Nizza in riva al mare.<\/p>\n","protected":false},"excerpt":{"rendered":"<p>Per Yannick, la migliore esperienza da vivere nella Citt\u00e0 degli Angeli \u00e8: &#8220;Mangia la&#8221; socca [&hellip;]<\/p>\n","protected":false},"author":137,"featured_media":0,"parent":0,"menu_order":10,"comment_status":"closed","ping_status":"closed","template":"","meta":{"footnotes":""},"class_list":["post-145","page","type-page","status-publish","hentry"],"yoast_head":"<!-- This site is optimized with the Yoast SEO plugin v26.9 - https:\/\/yoast.com\/product\/yoast-seo-wordpress\/ -->\n<title>Servizi alberghieri - H\u00f4tel Le Seize \u00e0 Nice<\/title>\n<meta name=\"description\" content=\"Per Yannick, la migliore esperienza da vivere nella Citt\u00e0 degli Angeli \u00e8: &quot;Mangia la&quot; socca &quot;, il piatto tipico della Vecchia Nizza al Pipo con un pezzo\" \/>\n<meta name=\"robots\" content=\"index, follow, max-snippet:-1, max-image-preview:large, max-video-preview:-1\" \/>\n<link rel=\"canonical\" href=\"https:\/\/hotelseize.fr\/it\/servizi-alberghieri\/\" \/>\n<meta property=\"og:locale\" content=\"it_IT\" \/>\n<meta property=\"og:type\" content=\"article\" \/>\n<meta property=\"og:title\" content=\"Servizi alberghieri - H\u00f4tel Le Seize \u00e0 Nice\" \/>\n<meta property=\"og:description\" content=\"Per Yannick, la migliore esperienza da vivere nella Citt\u00e0 degli Angeli \u00e8: &quot;Mangia la&quot; socca &quot;, il piatto tipico della Vecchia Nizza al Pipo con un pezzo\" \/>\n<meta property=\"og:url\" content=\"https:\/\/hotelseize.fr\/it\/servizi-alberghieri\/\" \/>\n<meta property=\"og:site_name\" content=\"Le Seize\" \/>\n<meta property=\"article:modified_time\" content=\"2022-12-19T16:56:45+00:00\" \/>\n<meta name=\"twitter:card\" content=\"summary_large_image\" \/>\n<meta name=\"twitter:label1\" content=\"Tempo di lettura stimato\" \/>\n\t<meta name=\"twitter:data1\" content=\"1 minuto\" \/>\n<script type=\"application\/ld+json\" class=\"yoast-schema-graph\">{\"@context\":\"https:\/\/schema.org\",\"@graph\":[{\"@type\":\"WebPage\",\"@id\":\"https:\/\/hotelseize.fr\/it\/servizi-alberghieri\/\",\"url\":\"https:\/\/hotelseize.fr\/it\/servizi-alberghieri\/\",\"name\":\"Servizi alberghieri - H\u00f4tel Le Seize \u00e0 Nice\",\"isPartOf\":{\"@id\":\"https:\/\/hotelseize.fr\/it\/#website\"},\"datePublished\":\"2020-11-09T20:02:36+00:00\",\"dateModified\":\"2022-12-19T16:56:45+00:00\",\"description\":\"Per Yannick, la migliore esperienza da vivere nella Citt\u00e0 degli Angeli \u00e8: \\\"Mangia la\\\" socca \\\", il piatto tipico della Vecchia Nizza al Pipo con un pezzo\",\"breadcrumb\":{\"@id\":\"https:\/\/hotelseize.fr\/it\/servizi-alberghieri\/#breadcrumb\"},\"inLanguage\":\"it-IT\",\"potentialAction\":[{\"@type\":\"ReadAction\",\"target\":[\"https:\/\/hotelseize.fr\/it\/servizi-alberghieri\/\"]}]},{\"@type\":\"BreadcrumbList\",\"@id\":\"https:\/\/hotelseize.fr\/it\/servizi-alberghieri\/#breadcrumb\",\"itemListElement\":[{\"@type\":\"ListItem\",\"position\":1,\"name\":\"Home\",\"item\":\"https:\/\/hotelseize.fr\/it\/\"},{\"@type\":\"ListItem\",\"position\":2,\"name\":\"Servizi alberghieri\"}]},{\"@type\":\"WebSite\",\"@id\":\"https:\/\/hotelseize.fr\/it\/#website\",\"url\":\"https:\/\/hotelseize.fr\/it\/\",\"name\":\"Le Seize\",\"description\":\"\",\"potentialAction\":[{\"@type\":\"SearchAction\",\"target\":{\"@type\":\"EntryPoint\",\"urlTemplate\":\"https:\/\/hotelseize.fr\/it\/?s={search_term_string}\"},\"query-input\":{\"@type\":\"PropertyValueSpecification\",\"valueRequired\":true,\"valueName\":\"search_term_string\"}}],\"inLanguage\":\"it-IT\"}]}<\/script>\n<!-- \/ Yoast SEO plugin. -->","yoast_head_json":{"title":"Servizi alberghieri - H\u00f4tel Le Seize \u00e0 Nice","description":"Per Yannick, la migliore esperienza da vivere nella Citt\u00e0 degli Angeli \u00e8: \"Mangia la\" socca \", il piatto tipico della Vecchia Nizza al Pipo con un pezzo","robots":{"index":"index","follow":"follow","max-snippet":"max-snippet:-1","max-image-preview":"max-image-preview:large","max-video-preview":"max-video-preview:-1"},"canonical":"https:\/\/hotelseize.fr\/it\/servizi-alberghieri\/","og_locale":"it_IT","og_type":"article","og_title":"Servizi alberghieri - H\u00f4tel Le Seize \u00e0 Nice","og_description":"Per Yannick, la migliore esperienza da vivere nella Citt\u00e0 degli Angeli \u00e8: \"Mangia la\" socca \", il piatto tipico della Vecchia Nizza al Pipo con un pezzo","og_url":"https:\/\/hotelseize.fr\/it\/servizi-alberghieri\/","og_site_name":"Le Seize","article_modified_time":"2022-12-19T16:56:45+00:00","twitter_card":"summary_large_image","twitter_misc":{"Tempo di lettura stimato":"1 minuto"},"schema":{"@context":"https:\/\/schema.org","@graph":[{"@type":"WebPage","@id":"https:\/\/hotelseize.fr\/it\/servizi-alberghieri\/","url":"https:\/\/hotelseize.fr\/it\/servizi-alberghieri\/","name":"Servizi alberghieri - H\u00f4tel Le Seize \u00e0 Nice","isPartOf":{"@id":"https:\/\/hotelseize.fr\/it\/#website"},"datePublished":"2020-11-09T20:02:36+00:00","dateModified":"2022-12-19T16:56:45+00:00","description":"Per Yannick, la migliore esperienza da vivere nella Citt\u00e0 degli Angeli \u00e8: \"Mangia la\" socca \", il piatto tipico della Vecchia Nizza al Pipo con un pezzo","breadcrumb":{"@id":"https:\/\/hotelseize.fr\/it\/servizi-alberghieri\/#breadcrumb"},"inLanguage":"it-IT","potentialAction":[{"@type":"ReadAction","target":["https:\/\/hotelseize.fr\/it\/servizi-alberghieri\/"]}]},{"@type":"BreadcrumbList","@id":"https:\/\/hotelseize.fr\/it\/servizi-alberghieri\/#breadcrumb","itemListElement":[{"@type":"ListItem","position":1,"name":"Home","item":"https:\/\/hotelseize.fr\/it\/"},{"@type":"ListItem","position":2,"name":"Servizi alberghieri"}]},{"@type":"WebSite","@id":"https:\/\/hotelseize.fr\/it\/#website","url":"https:\/\/hotelseize.fr\/it\/","name":"Le Seize","description":"","potentialAction":[{"@type":"SearchAction","target":{"@type":"EntryPoint","urlTemplate":"https:\/\/hotelseize.fr\/it\/?s={search_term_string}"},"query-input":{"@type":"PropertyValueSpecification","valueRequired":true,"valueName":"search_term_string"}}],"inLanguage":"it-IT"}]}},"acf":[],"_links":{"self":[{"href":"https:\/\/hotelseize.fr\/it\/wp-json\/wp\/v2\/pages\/145","targetHints":{"allow":["GET"]}}],"collection":[{"href":"https:\/\/hotelseize.fr\/it\/wp-json\/wp\/v2\/pages"}],"about":[{"href":"https:\/\/hotelseize.fr\/it\/wp-json\/wp\/v2\/types\/page"}],"author":[{"embeddable":true,"href":"https:\/\/hotelseize.fr\/it\/wp-json\/wp\/v2\/users\/137"}],"replies":[{"embeddable":true,"href":"https:\/\/hotelseize.fr\/it\/wp-json\/wp\/v2\/comments?post=145"}],"version-history":[{"count":0,"href":"https:\/\/hotelseize.fr\/it\/wp-json\/wp\/v2\/pages\/145\/revisions"}],"wp:attachment":[{"href":"https:\/\/hotelseize.fr\/it\/wp-json\/wp\/v2\/media?parent=145"}],"curies":[{"name":"wp","href":"https:\/\/api.w.org\/{rel}","templated":true}]}}