{"id":345,"date":"2021-05-07T10:21:51","date_gmt":"2021-05-07T10:21:51","guid":{"rendered":"https:\/\/hotelseize.fr\/?page_id=345"},"modified":"2021-05-07T10:23:38","modified_gmt":"2021-05-07T10:23:38","slug":"habitacion-comunicada","status":"publish","type":"page","link":"https:\/\/hotelseize.fr\/es\/habitaciones\/habitacion-comunicada\/","title":{"rendered":"Habitaci\u00f3n comunicada"},"content":{"rendered":"<p id=\"tw-target-text\" class=\"tw-data-text tw-text-large XcVN5d tw-ta\" dir=\"ltr\" data-placeholder=\"Traduction\"><span class=\"Y2IQFc\" lang=\"es\">Dos habitaciones comunicadas de aproximadamente 15 m2 cada una para 1 o 2 personas con una gran cama de 160 cm, ba\u00f1o (ducha) y WC privado, secador de pelo, escritorio, TV de pantalla plana de 82 cm con canales TNT franceses e internacionales, tel\u00e9fono directo, aire acondicionado , caja fuerte individual, frigor\u00edfico peque\u00f1o y bandeja de cortes\u00eda con hervidor el\u00e9ctrico y bolsitas de t\u00e9 \/ caf\u00e9. Lado de la calle.<\/span><\/p>\n","protected":false},"excerpt":{"rendered":"<p>Dos habitaciones comunicadas de aproximadamente 15 m2 cada una para 1 o 2 personas con [&hellip;]<\/p>\n","protected":false},"author":237,"featured_media":0,"parent":171,"menu_order":6,"comment_status":"closed","ping_status":"closed","template":"template-single-room.php","meta":{"footnotes":""},"class_list":["post-345","page","type-page","status-publish","hentry"],"yoast_head":"<!-- This site is optimized with the Yoast SEO plugin v26.9 - https:\/\/yoast.com\/product\/yoast-seo-wordpress\/ -->\n<title>Habitaci\u00f3n comunicada - Le Seize<\/title>\n<meta name=\"description\" content=\"Dos habitaciones comunicadas de aproximadamente 15 m2 cada una para 1 o 2 personas con una gran cama de 160 cm, ba\u00f1o (ducha) y WC privado, secador de\" \/>\n<meta name=\"robots\" content=\"index, follow, max-snippet:-1, max-image-preview:large, max-video-preview:-1\" \/>\n<link rel=\"canonical\" href=\"https:\/\/hotelseize.fr\/es\/habitaciones\/habitacion-comunicada\/\" \/>\n<meta property=\"og:locale\" content=\"es_ES\" \/>\n<meta property=\"og:type\" content=\"article\" \/>\n<meta property=\"og:title\" content=\"Habitaci\u00f3n comunicada - Le Seize\" \/>\n<meta property=\"og:description\" content=\"Dos habitaciones comunicadas de aproximadamente 15 m2 cada una para 1 o 2 personas con una gran cama de 160 cm, ba\u00f1o (ducha) y WC privado, secador de\" \/>\n<meta property=\"og:url\" content=\"https:\/\/hotelseize.fr\/es\/habitaciones\/habitacion-comunicada\/\" \/>\n<meta property=\"og:site_name\" content=\"Le Seize\" \/>\n<meta property=\"article:modified_time\" content=\"2021-05-07T10:23:38+00:00\" \/>\n<meta name=\"twitter:card\" content=\"summary_large_image\" \/>\n<script type=\"application\/ld+json\" class=\"yoast-schema-graph\">{\"@context\":\"https:\/\/schema.org\",\"@graph\":[{\"@type\":\"WebPage\",\"@id\":\"https:\/\/hotelseize.fr\/es\/habitaciones\/habitacion-comunicada\/\",\"url\":\"https:\/\/hotelseize.fr\/es\/habitaciones\/habitacion-comunicada\/\",\"name\":\"Habitaci\u00f3n comunicada - Le Seize\",\"isPartOf\":{\"@id\":\"https:\/\/hotelseize.fr\/es\/#website\"},\"datePublished\":\"2021-05-07T10:21:51+00:00\",\"dateModified\":\"2021-05-07T10:23:38+00:00\",\"description\":\"Dos habitaciones comunicadas de aproximadamente 15 m2 cada una para 1 o 2 personas con una gran cama de 160 cm, ba\u00f1o (ducha) y WC privado, secador de\",\"breadcrumb\":{\"@id\":\"https:\/\/hotelseize.fr\/es\/habitaciones\/habitacion-comunicada\/#breadcrumb\"},\"inLanguage\":\"es\",\"potentialAction\":[{\"@type\":\"ReadAction\",\"target\":[\"https:\/\/hotelseize.fr\/es\/habitaciones\/habitacion-comunicada\/\"]}]},{\"@type\":\"BreadcrumbList\",\"@id\":\"https:\/\/hotelseize.fr\/es\/habitaciones\/habitacion-comunicada\/#breadcrumb\",\"itemListElement\":[{\"@type\":\"ListItem\",\"position\":1,\"name\":\"Home\",\"item\":\"https:\/\/hotelseize.fr\/es\/\"},{\"@type\":\"ListItem\",\"position\":2,\"name\":\"HABITACIONES\",\"item\":\"https:\/\/hotelseize.fr\/es\/habitaciones\/\"},{\"@type\":\"ListItem\",\"position\":3,\"name\":\"Habitaci\u00f3n comunicada\"}]},{\"@type\":\"WebSite\",\"@id\":\"https:\/\/hotelseize.fr\/es\/#website\",\"url\":\"https:\/\/hotelseize.fr\/es\/\",\"name\":\"Le Seize\",\"description\":\"\",\"potentialAction\":[{\"@type\":\"SearchAction\",\"target\":{\"@type\":\"EntryPoint\",\"urlTemplate\":\"https:\/\/hotelseize.fr\/es\/?s={search_term_string}\"},\"query-input\":{\"@type\":\"PropertyValueSpecification\",\"valueRequired\":true,\"valueName\":\"search_term_string\"}}],\"inLanguage\":\"es\"}]}<\/script>\n<!-- \/ Yoast SEO plugin. -->","yoast_head_json":{"title":"Habitaci\u00f3n comunicada - Le Seize","description":"Dos habitaciones comunicadas de aproximadamente 15 m2 cada una para 1 o 2 personas con una gran cama de 160 cm, ba\u00f1o (ducha) y WC privado, secador de","robots":{"index":"index","follow":"follow","max-snippet":"max-snippet:-1","max-image-preview":"max-image-preview:large","max-video-preview":"max-video-preview:-1"},"canonical":"https:\/\/hotelseize.fr\/es\/habitaciones\/habitacion-comunicada\/","og_locale":"es_ES","og_type":"article","og_title":"Habitaci\u00f3n comunicada - Le Seize","og_description":"Dos habitaciones comunicadas de aproximadamente 15 m2 cada una para 1 o 2 personas con una gran cama de 160 cm, ba\u00f1o (ducha) y WC privado, secador de","og_url":"https:\/\/hotelseize.fr\/es\/habitaciones\/habitacion-comunicada\/","og_site_name":"Le Seize","article_modified_time":"2021-05-07T10:23:38+00:00","twitter_card":"summary_large_image","schema":{"@context":"https:\/\/schema.org","@graph":[{"@type":"WebPage","@id":"https:\/\/hotelseize.fr\/es\/habitaciones\/habitacion-comunicada\/","url":"https:\/\/hotelseize.fr\/es\/habitaciones\/habitacion-comunicada\/","name":"Habitaci\u00f3n comunicada - Le Seize","isPartOf":{"@id":"https:\/\/hotelseize.fr\/es\/#website"},"datePublished":"2021-05-07T10:21:51+00:00","dateModified":"2021-05-07T10:23:38+00:00","description":"Dos habitaciones comunicadas de aproximadamente 15 m2 cada una para 1 o 2 personas con una gran cama de 160 cm, ba\u00f1o (ducha) y WC privado, secador de","breadcrumb":{"@id":"https:\/\/hotelseize.fr\/es\/habitaciones\/habitacion-comunicada\/#breadcrumb"},"inLanguage":"es","potentialAction":[{"@type":"ReadAction","target":["https:\/\/hotelseize.fr\/es\/habitaciones\/habitacion-comunicada\/"]}]},{"@type":"BreadcrumbList","@id":"https:\/\/hotelseize.fr\/es\/habitaciones\/habitacion-comunicada\/#breadcrumb","itemListElement":[{"@type":"ListItem","position":1,"name":"Home","item":"https:\/\/hotelseize.fr\/es\/"},{"@type":"ListItem","position":2,"name":"HABITACIONES","item":"https:\/\/hotelseize.fr\/es\/habitaciones\/"},{"@type":"ListItem","position":3,"name":"Habitaci\u00f3n comunicada"}]},{"@type":"WebSite","@id":"https:\/\/hotelseize.fr\/es\/#website","url":"https:\/\/hotelseize.fr\/es\/","name":"Le Seize","description":"","potentialAction":[{"@type":"SearchAction","target":{"@type":"EntryPoint","urlTemplate":"https:\/\/hotelseize.fr\/es\/?s={search_term_string}"},"query-input":{"@type":"PropertyValueSpecification","valueRequired":true,"valueName":"search_term_string"}}],"inLanguage":"es"}]}},"acf":[],"_links":{"self":[{"href":"https:\/\/hotelseize.fr\/es\/wp-json\/wp\/v2\/pages\/345","targetHints":{"allow":["GET"]}}],"collection":[{"href":"https:\/\/hotelseize.fr\/es\/wp-json\/wp\/v2\/pages"}],"about":[{"href":"https:\/\/hotelseize.fr\/es\/wp-json\/wp\/v2\/types\/page"}],"author":[{"embeddable":true,"href":"https:\/\/hotelseize.fr\/es\/wp-json\/wp\/v2\/users\/237"}],"replies":[{"embeddable":true,"href":"https:\/\/hotelseize.fr\/es\/wp-json\/wp\/v2\/comments?post=345"}],"version-history":[{"count":0,"href":"https:\/\/hotelseize.fr\/es\/wp-json\/wp\/v2\/pages\/345\/revisions"}],"up":[{"embeddable":true,"href":"https:\/\/hotelseize.fr\/es\/wp-json\/wp\/v2\/pages\/171"}],"wp:attachment":[{"href":"https:\/\/hotelseize.fr\/es\/wp-json\/wp\/v2\/media?parent=345"}],"curies":[{"name":"wp","href":"https:\/\/api.w.org\/{rel}","templated":true}]}}