{"id":213,"date":"2020-11-09T21:05:31","date_gmt":"2020-11-09T21:05:31","guid":{"rendered":"http:\/\/hotel-seize-nice.ms.decms.eu\/mentions-legales\/"},"modified":"2021-01-25T10:41:05","modified_gmt":"2021-01-25T10:41:05","slug":"avviso-legale","status":"publish","type":"page","link":"https:\/\/hotelseize.fr\/es\/avviso-legale\/","title":{"rendered":"Avviso legale"},"content":{"rendered":"<p><strong>Propri\u00e9taire et \u00e9diteur du site<\/strong>:<br \/>\nH\u00f4tel Le Seize Nice 16 Rue Chauvain &#8211; 06000 Nice<br \/>\nTel. : 04 93 80 76 11<br \/>\ncontact@hotelseize.fr<br \/>\nDirecteur de la publication : Yannick Bouchard<br \/>\nSIRET : 790 169 445 00018<\/p>\n<p><strong>Conception et d\u00e9veloppement du site:<\/strong><\/p>\n<blockquote class=\"wp-embedded-content\" data-secret=\"nsipoJS2zK\"><p><a href=\"https:\/\/www.d-edge.com\/fr\/\">Accueil<\/a><\/p><\/blockquote>\n<p><iframe loading=\"lazy\" title=\"\u00ab\u00a0Accueil\u00a0\u00bb &#8212; D-EDGE Hospitality Solutions\" sandbox=\"allow-scripts\" security=\"restricted\" src=\"https:\/\/www.d-edge.com\/fr\/embed\/#?secret=nsipoJS2zK\" width=\"500\" height=\"282\" data-secret=\"nsipoJS2zK\" frameborder=\"0\" marginwidth=\"0\" marginheight=\"0\" scrolling=\"no\" class=\"wp-embedded-content\"><\/iframe><script type=\"text\/javascript\">\/* <![CDATA[ *\/\/*! This file is auto-generated *\/!function(d,l){\"use strict\";l.querySelector&#038;&#038;d.addEventListener&#038;&#038;\"undefined\"!=typeof URL&#038;&#038;(d.wp=d.wp||{},d.wp.receiveEmbedMessage||(d.wp.receiveEmbedMessage=function(e){var t=e.data;if((t||t.secret||t.message||t.value)&#038;&#038;!\/[^a-zA-Z0-9]\/.test(t.secret)){for(var s,r,n,a=l.querySelectorAll('iframe[data-secret=\"'+t.secret+'\"]'),o=l.querySelectorAll('blockquote[data-secret=\"'+t.secret+'\"]'),c=new RegExp(\"^https?:$\",\"i\"),i=0;i<o.length;i++)o[i].style.display=\"none\";for(i=0;i<a.length;i++)s=a[i],e.source===s.contentWindow&#038;&#038;(s.removeAttribute(\"style\"),\"height\"===t.message?(1e3<(r=parseInt(t.value,10))?r=1e3:~~r<200&#038;&#038;(r=200),s.height=r):\"link\"===t.message&#038;&#038;(r=new URL(s.getAttribute(\"src\")),n=new URL(t.value),c.test(n.protocol))&#038;&#038;n.host===r.host&#038;&#038;l.activeElement===s&#038;&#038;(d.top.location.href=t.value))}},d.addEventListener(\"message\",d.wp.receiveEmbedMessage,!1),l.addEventListener(\"DOMContentLoaded\",function(){for(var e,t,s=l.querySelectorAll(\"iframe.wp-embedded-content\"),r=0;r<s.length;r++)(t=(e=s[r]).getAttribute(\"data-secret\"))||(t=Math.random().toString(36).substring(2,12),e.src+=\"#?secret=\"+t,e.setAttribute(\"data-secret\",t)),e.contentWindow.postMessage({message:\"ready\",secret:t},\"*\")},!1)))}(window,document);\/* ]]> *\/<\/script><br \/>\nAdresse postale : 14\/16, boulevard Poissonni\u00e8re, 75 009 Paris<br \/>\nT\u00e9l\u00e9phone : +33 1 44 71 05 05<br \/>\nSIREN : 431 513 852<\/p>\n<p><strong>H\u00e9bergement Web:<\/strong><br \/>\nWPEngine, Inc.<br \/>\nIrongate House, 22-30 Duke\u2019s Place<br \/>\nLondon, EC3A 7LP, United Kingdom<br \/>\nPhone: 08 00 50 53 049<\/p>\n<p><strong>Donn\u00e9es personnelles:<\/strong><\/p>\n<p>Utilisation de cookies :<br \/>\nEn poursuivant votre navigation sur ce site, vous acceptez l\u2019utilisation et le d\u00e9p\u00f4t de traceurs dont le but est de faire des analyses d\u2019audience, de mesures du trafic et comportement de navigation, de d\u00e9finir des services personnalis\u00e9s et offres correspondants \u00e0 vos int\u00e9r\u00eats, en partageant ou en redirigeant l\u2019utilisateur \u00e0 des sites tiers partenaires.<\/p>\n<p>Formulaire de contact:<br \/>\nLes donn\u00e9es personnelles renseign\u00e9es dans le formulaire sont sauvegard\u00e9es dans le CMS (syst\u00e8me de gestion de contenu du site web) telles que le nom , pr\u00e9nom, adresse mail \u2026<br \/>\nConform\u00e9ment \u00e0 la r\u00e9glementation applicable en mati\u00e8re de protection des donn\u00e9es personnelles, vous pouvez exercer vos droits d\u2019acc\u00e8s, de rectification, de suppression de vos donn\u00e9es, et vos droits de limitation et d\u2019opposition au traitement et \u00e0 la portabilit\u00e9 de vos donn\u00e9es personnelles en nous contactant : H\u00f4tel Le Seize Nice 16 Rue Chauvain &#8211; 06000 Nice<br \/>\nTel. : 04 93 80 76 11<br \/>\ncontact@hotelseize.fr<\/p>\n<p>&nbsp;<\/p>\n","protected":false},"excerpt":{"rendered":"<p>Propri\u00e9taire et \u00e9diteur du site: H\u00f4tel Le Seize Nice 16 Rue Chauvain &#8211; 06000 Nice [&hellip;]<\/p>\n","protected":false},"author":137,"featured_media":0,"parent":0,"menu_order":80,"comment_status":"closed","ping_status":"closed","template":"","meta":{"footnotes":""},"class_list":["post-213","page","type-page","status-publish","hentry"],"yoast_head":"<!-- This site is optimized with the Yoast SEO plugin v26.9 - https:\/\/yoast.com\/product\/yoast-seo-wordpress\/ -->\n<title>Avviso legale - Le Seize<\/title>\n<meta name=\"description\" content=\"Propri\u00e9taire et \u00e9diteur du site: H\u00f4tel Le Seize Nice 16 Rue Chauvain - 06000 Nice Tel. : 04 93 80 76 11 contact@hotelseize.fr Directeur de la publication\" \/>\n<meta name=\"robots\" content=\"index, follow, max-snippet:-1, max-image-preview:large, max-video-preview:-1\" \/>\n<link rel=\"canonical\" href=\"https:\/\/hotelseize.fr\/es\/avviso-legale\/\" \/>\n<meta property=\"og:locale\" content=\"es_ES\" \/>\n<meta property=\"og:type\" content=\"article\" \/>\n<meta property=\"og:title\" content=\"Avviso legale - Le Seize\" \/>\n<meta property=\"og:description\" content=\"Propri\u00e9taire et \u00e9diteur du site: H\u00f4tel Le Seize Nice 16 Rue Chauvain - 06000 Nice Tel. : 04 93 80 76 11 contact@hotelseize.fr Directeur de la publication\" \/>\n<meta property=\"og:url\" content=\"https:\/\/hotelseize.fr\/es\/avviso-legale\/\" \/>\n<meta property=\"og:site_name\" content=\"Le Seize\" \/>\n<meta property=\"article:modified_time\" content=\"2021-01-25T10:41:05+00:00\" \/>\n<meta name=\"twitter:card\" content=\"summary_large_image\" \/>\n<meta name=\"twitter:label1\" content=\"Tiempo de lectura\" \/>\n\t<meta name=\"twitter:data1\" content=\"1 minuto\" \/>\n<script type=\"application\/ld+json\" class=\"yoast-schema-graph\">{\"@context\":\"https:\/\/schema.org\",\"@graph\":[{\"@type\":\"WebPage\",\"@id\":\"https:\/\/hotelseize.fr\/es\/avviso-legale\/\",\"url\":\"https:\/\/hotelseize.fr\/es\/avviso-legale\/\",\"name\":\"Avviso legale - Le Seize\",\"isPartOf\":{\"@id\":\"https:\/\/hotelseize.fr\/es\/#website\"},\"datePublished\":\"2020-11-09T21:05:31+00:00\",\"dateModified\":\"2021-01-25T10:41:05+00:00\",\"description\":\"Propri\u00e9taire et \u00e9diteur du site: H\u00f4tel Le Seize Nice 16 Rue Chauvain - 06000 Nice Tel. : 04 93 80 76 11 contact@hotelseize.fr Directeur de la publication\",\"breadcrumb\":{\"@id\":\"https:\/\/hotelseize.fr\/es\/avviso-legale\/#breadcrumb\"},\"inLanguage\":\"es\",\"potentialAction\":[{\"@type\":\"ReadAction\",\"target\":[\"https:\/\/hotelseize.fr\/es\/avviso-legale\/\"]}]},{\"@type\":\"BreadcrumbList\",\"@id\":\"https:\/\/hotelseize.fr\/es\/avviso-legale\/#breadcrumb\",\"itemListElement\":[{\"@type\":\"ListItem\",\"position\":1,\"name\":\"Home\",\"item\":\"https:\/\/hotelseize.fr\/es\/\"},{\"@type\":\"ListItem\",\"position\":2,\"name\":\"Avviso legale\"}]},{\"@type\":\"WebSite\",\"@id\":\"https:\/\/hotelseize.fr\/es\/#website\",\"url\":\"https:\/\/hotelseize.fr\/es\/\",\"name\":\"Le Seize\",\"description\":\"\",\"potentialAction\":[{\"@type\":\"SearchAction\",\"target\":{\"@type\":\"EntryPoint\",\"urlTemplate\":\"https:\/\/hotelseize.fr\/es\/?s={search_term_string}\"},\"query-input\":{\"@type\":\"PropertyValueSpecification\",\"valueRequired\":true,\"valueName\":\"search_term_string\"}}],\"inLanguage\":\"es\"}]}<\/script>\n<!-- \/ Yoast SEO plugin. -->","yoast_head_json":{"title":"Avviso legale - Le Seize","description":"Propri\u00e9taire et \u00e9diteur du site: H\u00f4tel Le Seize Nice 16 Rue Chauvain - 06000 Nice Tel. : 04 93 80 76 11 contact@hotelseize.fr Directeur de la publication","robots":{"index":"index","follow":"follow","max-snippet":"max-snippet:-1","max-image-preview":"max-image-preview:large","max-video-preview":"max-video-preview:-1"},"canonical":"https:\/\/hotelseize.fr\/es\/avviso-legale\/","og_locale":"es_ES","og_type":"article","og_title":"Avviso legale - Le Seize","og_description":"Propri\u00e9taire et \u00e9diteur du site: H\u00f4tel Le Seize Nice 16 Rue Chauvain - 06000 Nice Tel. : 04 93 80 76 11 contact@hotelseize.fr Directeur de la publication","og_url":"https:\/\/hotelseize.fr\/es\/avviso-legale\/","og_site_name":"Le Seize","article_modified_time":"2021-01-25T10:41:05+00:00","twitter_card":"summary_large_image","twitter_misc":{"Tiempo de lectura":"1 minuto"},"schema":{"@context":"https:\/\/schema.org","@graph":[{"@type":"WebPage","@id":"https:\/\/hotelseize.fr\/es\/avviso-legale\/","url":"https:\/\/hotelseize.fr\/es\/avviso-legale\/","name":"Avviso legale - Le Seize","isPartOf":{"@id":"https:\/\/hotelseize.fr\/es\/#website"},"datePublished":"2020-11-09T21:05:31+00:00","dateModified":"2021-01-25T10:41:05+00:00","description":"Propri\u00e9taire et \u00e9diteur du site: H\u00f4tel Le Seize Nice 16 Rue Chauvain - 06000 Nice Tel. : 04 93 80 76 11 contact@hotelseize.fr Directeur de la publication","breadcrumb":{"@id":"https:\/\/hotelseize.fr\/es\/avviso-legale\/#breadcrumb"},"inLanguage":"es","potentialAction":[{"@type":"ReadAction","target":["https:\/\/hotelseize.fr\/es\/avviso-legale\/"]}]},{"@type":"BreadcrumbList","@id":"https:\/\/hotelseize.fr\/es\/avviso-legale\/#breadcrumb","itemListElement":[{"@type":"ListItem","position":1,"name":"Home","item":"https:\/\/hotelseize.fr\/es\/"},{"@type":"ListItem","position":2,"name":"Avviso legale"}]},{"@type":"WebSite","@id":"https:\/\/hotelseize.fr\/es\/#website","url":"https:\/\/hotelseize.fr\/es\/","name":"Le Seize","description":"","potentialAction":[{"@type":"SearchAction","target":{"@type":"EntryPoint","urlTemplate":"https:\/\/hotelseize.fr\/es\/?s={search_term_string}"},"query-input":{"@type":"PropertyValueSpecification","valueRequired":true,"valueName":"search_term_string"}}],"inLanguage":"es"}]}},"acf":[],"_links":{"self":[{"href":"https:\/\/hotelseize.fr\/es\/wp-json\/wp\/v2\/pages\/213","targetHints":{"allow":["GET"]}}],"collection":[{"href":"https:\/\/hotelseize.fr\/es\/wp-json\/wp\/v2\/pages"}],"about":[{"href":"https:\/\/hotelseize.fr\/es\/wp-json\/wp\/v2\/types\/page"}],"author":[{"embeddable":true,"href":"https:\/\/hotelseize.fr\/es\/wp-json\/wp\/v2\/users\/137"}],"replies":[{"embeddable":true,"href":"https:\/\/hotelseize.fr\/es\/wp-json\/wp\/v2\/comments?post=213"}],"version-history":[{"count":0,"href":"https:\/\/hotelseize.fr\/es\/wp-json\/wp\/v2\/pages\/213\/revisions"}],"wp:attachment":[{"href":"https:\/\/hotelseize.fr\/es\/wp-json\/wp\/v2\/media?parent=213"}],"curies":[{"name":"wp","href":"https:\/\/api.w.org\/{rel}","templated":true}]}}