{"id":160,"date":"2020-11-26T18:41:55","date_gmt":"2020-11-26T18:41:55","guid":{"rendered":"http:\/\/hotel-seize-nice.ms.decms.eu\/nos-services\/informations-locales\/"},"modified":"2020-12-28T17:56:16","modified_gmt":"2020-12-28T17:56:16","slug":"informacion-local","status":"publish","type":"page","link":"https:\/\/hotelseize.fr\/es\/servicios-del-hotel\/informacion-local\/","title":{"rendered":"INFORMACION LOCAL"},"content":{"rendered":"<p>Su hotel est\u00e1 ubicado en el coraz\u00f3n de la ciudad. Adem\u00e1s de restaurantes y bares, todas las tiendas est\u00e1n disponibles en las inmediaciones: tabaco, peluquer\u00edas, farmacias, sal\u00f3n de belleza, polideportivo, etc &#8230; En cuanto a las compras, el centro comercial Galleries Lafayettes est\u00e1 a 100 metros.<\/p>\n<p>\u00bfPrefieres caminar? El paseo del Paillon empienza en Place Massena, a 200 metros del hotel. Tambi\u00e9n est\u00e1 el casco antiguo con su mercado de flores \u00fanico, la colina del castillo, imperdible con su vista sobre toda la Baie de les Angeles, donde el legendario Promenade des Anglais y sus playas de guijarros.<\/p>\n<p>En el aspecto cultural, los museos Matisse, Massena y MAMAC son actividades para hacer y descubrir. Finalmente, Yannick y su equipo siempre pueden sugerir excursiones para visitar los pueblos de Eze, Saint Paul de Vence, perfumer\u00edas en Grasse o incluso Casinos en M\u00f3naco<\/p>\n","protected":false},"excerpt":{"rendered":"<p>Su hotel est\u00e1 ubicado en el coraz\u00f3n de la ciudad. Adem\u00e1s de restaurantes y bares, [&hellip;]<\/p>\n","protected":false},"author":137,"featured_media":0,"parent":147,"menu_order":50,"comment_status":"closed","ping_status":"closed","template":"","meta":{"footnotes":""},"class_list":["post-160","page","type-page","status-publish","hentry"],"yoast_head":"<!-- This site is optimized with the Yoast SEO plugin v26.9 - https:\/\/yoast.com\/product\/yoast-seo-wordpress\/ -->\n<title>INFORMACION LOCAL - Hotel Le Seize Nice<\/title>\n<meta name=\"description\" content=\"Su hotel est\u00e1 ubicado en el coraz\u00f3n de la ciudad. Adem\u00e1s de restaurantes y bares, todas las tiendas est\u00e1n disponibles en las inmediaciones: tabaco,\" \/>\n<meta name=\"robots\" content=\"index, follow, max-snippet:-1, max-image-preview:large, max-video-preview:-1\" \/>\n<link rel=\"canonical\" href=\"https:\/\/hotelseize.fr\/es\/servicios-del-hotel\/informacion-local\/\" \/>\n<meta property=\"og:locale\" content=\"es_ES\" \/>\n<meta property=\"og:type\" content=\"article\" \/>\n<meta property=\"og:title\" content=\"INFORMACION LOCAL - Hotel Le Seize Nice\" \/>\n<meta property=\"og:description\" content=\"Su hotel est\u00e1 ubicado en el coraz\u00f3n de la ciudad. Adem\u00e1s de restaurantes y bares, todas las tiendas est\u00e1n disponibles en las inmediaciones: tabaco,\" \/>\n<meta property=\"og:url\" content=\"https:\/\/hotelseize.fr\/es\/servicios-del-hotel\/informacion-local\/\" \/>\n<meta property=\"og:site_name\" content=\"Le Seize\" \/>\n<meta property=\"article:modified_time\" content=\"2020-12-28T17:56:16+00:00\" \/>\n<meta name=\"twitter:card\" content=\"summary_large_image\" \/>\n<meta name=\"twitter:label1\" content=\"Tiempo de lectura\" \/>\n\t<meta name=\"twitter:data1\" content=\"1 minuto\" \/>\n<script type=\"application\/ld+json\" class=\"yoast-schema-graph\">{\"@context\":\"https:\/\/schema.org\",\"@graph\":[{\"@type\":\"WebPage\",\"@id\":\"https:\/\/hotelseize.fr\/es\/servicios-del-hotel\/informacion-local\/\",\"url\":\"https:\/\/hotelseize.fr\/es\/servicios-del-hotel\/informacion-local\/\",\"name\":\"INFORMACION LOCAL - Hotel Le Seize Nice\",\"isPartOf\":{\"@id\":\"https:\/\/hotelseize.fr\/es\/#website\"},\"datePublished\":\"2020-11-26T18:41:55+00:00\",\"dateModified\":\"2020-12-28T17:56:16+00:00\",\"description\":\"Su hotel est\u00e1 ubicado en el coraz\u00f3n de la ciudad. Adem\u00e1s de restaurantes y bares, todas las tiendas est\u00e1n disponibles en las inmediaciones: tabaco,\",\"breadcrumb\":{\"@id\":\"https:\/\/hotelseize.fr\/es\/servicios-del-hotel\/informacion-local\/#breadcrumb\"},\"inLanguage\":\"es\",\"potentialAction\":[{\"@type\":\"ReadAction\",\"target\":[\"https:\/\/hotelseize.fr\/es\/servicios-del-hotel\/informacion-local\/\"]}]},{\"@type\":\"BreadcrumbList\",\"@id\":\"https:\/\/hotelseize.fr\/es\/servicios-del-hotel\/informacion-local\/#breadcrumb\",\"itemListElement\":[{\"@type\":\"ListItem\",\"position\":1,\"name\":\"Home\",\"item\":\"https:\/\/hotelseize.fr\/es\/\"},{\"@type\":\"ListItem\",\"position\":2,\"name\":\"SERVICIOS DEL HOTEL\",\"item\":\"https:\/\/hotelseize.fr\/es\/servicios-del-hotel\/\"},{\"@type\":\"ListItem\",\"position\":3,\"name\":\"INFORMACION LOCAL\"}]},{\"@type\":\"WebSite\",\"@id\":\"https:\/\/hotelseize.fr\/es\/#website\",\"url\":\"https:\/\/hotelseize.fr\/es\/\",\"name\":\"Le Seize\",\"description\":\"\",\"potentialAction\":[{\"@type\":\"SearchAction\",\"target\":{\"@type\":\"EntryPoint\",\"urlTemplate\":\"https:\/\/hotelseize.fr\/es\/?s={search_term_string}\"},\"query-input\":{\"@type\":\"PropertyValueSpecification\",\"valueRequired\":true,\"valueName\":\"search_term_string\"}}],\"inLanguage\":\"es\"}]}<\/script>\n<!-- \/ Yoast SEO plugin. -->","yoast_head_json":{"title":"INFORMACION LOCAL - Hotel Le Seize Nice","description":"Su hotel est\u00e1 ubicado en el coraz\u00f3n de la ciudad. Adem\u00e1s de restaurantes y bares, todas las tiendas est\u00e1n disponibles en las inmediaciones: tabaco,","robots":{"index":"index","follow":"follow","max-snippet":"max-snippet:-1","max-image-preview":"max-image-preview:large","max-video-preview":"max-video-preview:-1"},"canonical":"https:\/\/hotelseize.fr\/es\/servicios-del-hotel\/informacion-local\/","og_locale":"es_ES","og_type":"article","og_title":"INFORMACION LOCAL - Hotel Le Seize Nice","og_description":"Su hotel est\u00e1 ubicado en el coraz\u00f3n de la ciudad. Adem\u00e1s de restaurantes y bares, todas las tiendas est\u00e1n disponibles en las inmediaciones: tabaco,","og_url":"https:\/\/hotelseize.fr\/es\/servicios-del-hotel\/informacion-local\/","og_site_name":"Le Seize","article_modified_time":"2020-12-28T17:56:16+00:00","twitter_card":"summary_large_image","twitter_misc":{"Tiempo de lectura":"1 minuto"},"schema":{"@context":"https:\/\/schema.org","@graph":[{"@type":"WebPage","@id":"https:\/\/hotelseize.fr\/es\/servicios-del-hotel\/informacion-local\/","url":"https:\/\/hotelseize.fr\/es\/servicios-del-hotel\/informacion-local\/","name":"INFORMACION LOCAL - Hotel Le Seize Nice","isPartOf":{"@id":"https:\/\/hotelseize.fr\/es\/#website"},"datePublished":"2020-11-26T18:41:55+00:00","dateModified":"2020-12-28T17:56:16+00:00","description":"Su hotel est\u00e1 ubicado en el coraz\u00f3n de la ciudad. Adem\u00e1s de restaurantes y bares, todas las tiendas est\u00e1n disponibles en las inmediaciones: tabaco,","breadcrumb":{"@id":"https:\/\/hotelseize.fr\/es\/servicios-del-hotel\/informacion-local\/#breadcrumb"},"inLanguage":"es","potentialAction":[{"@type":"ReadAction","target":["https:\/\/hotelseize.fr\/es\/servicios-del-hotel\/informacion-local\/"]}]},{"@type":"BreadcrumbList","@id":"https:\/\/hotelseize.fr\/es\/servicios-del-hotel\/informacion-local\/#breadcrumb","itemListElement":[{"@type":"ListItem","position":1,"name":"Home","item":"https:\/\/hotelseize.fr\/es\/"},{"@type":"ListItem","position":2,"name":"SERVICIOS DEL HOTEL","item":"https:\/\/hotelseize.fr\/es\/servicios-del-hotel\/"},{"@type":"ListItem","position":3,"name":"INFORMACION LOCAL"}]},{"@type":"WebSite","@id":"https:\/\/hotelseize.fr\/es\/#website","url":"https:\/\/hotelseize.fr\/es\/","name":"Le Seize","description":"","potentialAction":[{"@type":"SearchAction","target":{"@type":"EntryPoint","urlTemplate":"https:\/\/hotelseize.fr\/es\/?s={search_term_string}"},"query-input":{"@type":"PropertyValueSpecification","valueRequired":true,"valueName":"search_term_string"}}],"inLanguage":"es"}]}},"acf":[],"_links":{"self":[{"href":"https:\/\/hotelseize.fr\/es\/wp-json\/wp\/v2\/pages\/160","targetHints":{"allow":["GET"]}}],"collection":[{"href":"https:\/\/hotelseize.fr\/es\/wp-json\/wp\/v2\/pages"}],"about":[{"href":"https:\/\/hotelseize.fr\/es\/wp-json\/wp\/v2\/types\/page"}],"author":[{"embeddable":true,"href":"https:\/\/hotelseize.fr\/es\/wp-json\/wp\/v2\/users\/137"}],"replies":[{"embeddable":true,"href":"https:\/\/hotelseize.fr\/es\/wp-json\/wp\/v2\/comments?post=160"}],"version-history":[{"count":0,"href":"https:\/\/hotelseize.fr\/es\/wp-json\/wp\/v2\/pages\/160\/revisions"}],"up":[{"embeddable":true,"href":"https:\/\/hotelseize.fr\/es\/wp-json\/wp\/v2\/pages\/147"}],"wp:attachment":[{"href":"https:\/\/hotelseize.fr\/es\/wp-json\/wp\/v2\/media?parent=160"}],"curies":[{"name":"wp","href":"https:\/\/api.w.org\/{rel}","templated":true}]}}