{"id":151,"date":"2020-11-09T20:04:34","date_gmt":"2020-11-09T20:04:34","guid":{"rendered":"http:\/\/hotel-seize-nice.ms.decms.eu\/nos-services\/petit-dejeuner\/"},"modified":"2020-12-29T12:47:29","modified_gmt":"2020-12-29T12:47:29","slug":"desayuno","status":"publish","type":"page","link":"https:\/\/hotelseize.fr\/es\/servicios-del-hotel\/desayuno\/","title":{"rendered":"DESAYUNO"},"content":{"rendered":"<p>Todas las mananas <strong>de 7 a 10<\/strong> se sirve un generoso desayuno estilo continental.<\/p>\n<p>En el establecimiento se hornean pan y boller\u00eda. Encontrar\u00e1s entre otros yogures, compotas, mermeladas, salchichas, quesos, pero tambi\u00e9n embutidos y huevos revueltos.<\/p>\n<p>Los grandes espejos que cubren una parte del muro y las pinturas de los alumnos de la escuela de dise\u00f1o grafico MJM en rojo-azul-verde hacen referencia a los vitrales, la convierten en una estancia muy agradable.<\/p>\n<p>El Hotel seize no tiene restaurante, pero yannick y su equipo tienen una lista de direcciones a su disposicion; cocina tipica nicoise, braseria moderna, cocina rafinada, restaurantes tendencia.<\/p>\n<p><a href=\"\/es\/contacto\/\">Cont\u00e1ctanos. &gt;<\/a><\/p>\n","protected":false},"excerpt":{"rendered":"<p>Todas las mananas de 7 a 10 se sirve un generoso desayuno estilo continental. En [&hellip;]<\/p>\n","protected":false},"author":137,"featured_media":0,"parent":147,"menu_order":0,"comment_status":"closed","ping_status":"closed","template":"","meta":{"footnotes":""},"class_list":["post-151","page","type-page","status-publish","hentry"],"yoast_head":"<!-- This site is optimized with the Yoast SEO plugin v26.9 - https:\/\/yoast.com\/product\/yoast-seo-wordpress\/ -->\n<title>DESAYUNO - H\u00f4tel Le Seize Nice<\/title>\n<meta name=\"description\" content=\"Todas las mananas de 7 a 10 se sirve un generoso desayuno estilo continental. En el establecimiento se hornean pan y boller\u00eda. Encontrar\u00e1s entre otros\" \/>\n<meta name=\"robots\" content=\"index, follow, max-snippet:-1, max-image-preview:large, max-video-preview:-1\" \/>\n<link rel=\"canonical\" href=\"https:\/\/hotelseize.fr\/es\/servicios-del-hotel\/desayuno\/\" \/>\n<meta property=\"og:locale\" content=\"es_ES\" \/>\n<meta property=\"og:type\" content=\"article\" \/>\n<meta property=\"og:title\" content=\"DESAYUNO - H\u00f4tel Le Seize Nice\" \/>\n<meta property=\"og:description\" content=\"Todas las mananas de 7 a 10 se sirve un generoso desayuno estilo continental. En el establecimiento se hornean pan y boller\u00eda. Encontrar\u00e1s entre otros\" \/>\n<meta property=\"og:url\" content=\"https:\/\/hotelseize.fr\/es\/servicios-del-hotel\/desayuno\/\" \/>\n<meta property=\"og:site_name\" content=\"Le Seize\" \/>\n<meta property=\"article:modified_time\" content=\"2020-12-29T12:47:29+00:00\" \/>\n<meta name=\"twitter:card\" content=\"summary_large_image\" \/>\n<meta name=\"twitter:label1\" content=\"Tiempo de lectura\" \/>\n\t<meta name=\"twitter:data1\" content=\"1 minuto\" \/>\n<script type=\"application\/ld+json\" class=\"yoast-schema-graph\">{\"@context\":\"https:\/\/schema.org\",\"@graph\":[{\"@type\":\"WebPage\",\"@id\":\"https:\/\/hotelseize.fr\/es\/servicios-del-hotel\/desayuno\/\",\"url\":\"https:\/\/hotelseize.fr\/es\/servicios-del-hotel\/desayuno\/\",\"name\":\"DESAYUNO - H\u00f4tel Le Seize Nice\",\"isPartOf\":{\"@id\":\"https:\/\/hotelseize.fr\/es\/#website\"},\"datePublished\":\"2020-11-09T20:04:34+00:00\",\"dateModified\":\"2020-12-29T12:47:29+00:00\",\"description\":\"Todas las mananas de 7 a 10 se sirve un generoso desayuno estilo continental. En el establecimiento se hornean pan y boller\u00eda. Encontrar\u00e1s entre otros\",\"breadcrumb\":{\"@id\":\"https:\/\/hotelseize.fr\/es\/servicios-del-hotel\/desayuno\/#breadcrumb\"},\"inLanguage\":\"es\",\"potentialAction\":[{\"@type\":\"ReadAction\",\"target\":[\"https:\/\/hotelseize.fr\/es\/servicios-del-hotel\/desayuno\/\"]}]},{\"@type\":\"BreadcrumbList\",\"@id\":\"https:\/\/hotelseize.fr\/es\/servicios-del-hotel\/desayuno\/#breadcrumb\",\"itemListElement\":[{\"@type\":\"ListItem\",\"position\":1,\"name\":\"Home\",\"item\":\"https:\/\/hotelseize.fr\/es\/\"},{\"@type\":\"ListItem\",\"position\":2,\"name\":\"SERVICIOS DEL HOTEL\",\"item\":\"https:\/\/hotelseize.fr\/es\/servicios-del-hotel\/\"},{\"@type\":\"ListItem\",\"position\":3,\"name\":\"DESAYUNO\"}]},{\"@type\":\"WebSite\",\"@id\":\"https:\/\/hotelseize.fr\/es\/#website\",\"url\":\"https:\/\/hotelseize.fr\/es\/\",\"name\":\"Le Seize\",\"description\":\"\",\"potentialAction\":[{\"@type\":\"SearchAction\",\"target\":{\"@type\":\"EntryPoint\",\"urlTemplate\":\"https:\/\/hotelseize.fr\/es\/?s={search_term_string}\"},\"query-input\":{\"@type\":\"PropertyValueSpecification\",\"valueRequired\":true,\"valueName\":\"search_term_string\"}}],\"inLanguage\":\"es\"}]}<\/script>\n<!-- \/ Yoast SEO plugin. -->","yoast_head_json":{"title":"DESAYUNO - H\u00f4tel Le Seize Nice","description":"Todas las mananas de 7 a 10 se sirve un generoso desayuno estilo continental. En el establecimiento se hornean pan y boller\u00eda. Encontrar\u00e1s entre otros","robots":{"index":"index","follow":"follow","max-snippet":"max-snippet:-1","max-image-preview":"max-image-preview:large","max-video-preview":"max-video-preview:-1"},"canonical":"https:\/\/hotelseize.fr\/es\/servicios-del-hotel\/desayuno\/","og_locale":"es_ES","og_type":"article","og_title":"DESAYUNO - H\u00f4tel Le Seize Nice","og_description":"Todas las mananas de 7 a 10 se sirve un generoso desayuno estilo continental. En el establecimiento se hornean pan y boller\u00eda. Encontrar\u00e1s entre otros","og_url":"https:\/\/hotelseize.fr\/es\/servicios-del-hotel\/desayuno\/","og_site_name":"Le Seize","article_modified_time":"2020-12-29T12:47:29+00:00","twitter_card":"summary_large_image","twitter_misc":{"Tiempo de lectura":"1 minuto"},"schema":{"@context":"https:\/\/schema.org","@graph":[{"@type":"WebPage","@id":"https:\/\/hotelseize.fr\/es\/servicios-del-hotel\/desayuno\/","url":"https:\/\/hotelseize.fr\/es\/servicios-del-hotel\/desayuno\/","name":"DESAYUNO - H\u00f4tel Le Seize Nice","isPartOf":{"@id":"https:\/\/hotelseize.fr\/es\/#website"},"datePublished":"2020-11-09T20:04:34+00:00","dateModified":"2020-12-29T12:47:29+00:00","description":"Todas las mananas de 7 a 10 se sirve un generoso desayuno estilo continental. En el establecimiento se hornean pan y boller\u00eda. Encontrar\u00e1s entre otros","breadcrumb":{"@id":"https:\/\/hotelseize.fr\/es\/servicios-del-hotel\/desayuno\/#breadcrumb"},"inLanguage":"es","potentialAction":[{"@type":"ReadAction","target":["https:\/\/hotelseize.fr\/es\/servicios-del-hotel\/desayuno\/"]}]},{"@type":"BreadcrumbList","@id":"https:\/\/hotelseize.fr\/es\/servicios-del-hotel\/desayuno\/#breadcrumb","itemListElement":[{"@type":"ListItem","position":1,"name":"Home","item":"https:\/\/hotelseize.fr\/es\/"},{"@type":"ListItem","position":2,"name":"SERVICIOS DEL HOTEL","item":"https:\/\/hotelseize.fr\/es\/servicios-del-hotel\/"},{"@type":"ListItem","position":3,"name":"DESAYUNO"}]},{"@type":"WebSite","@id":"https:\/\/hotelseize.fr\/es\/#website","url":"https:\/\/hotelseize.fr\/es\/","name":"Le Seize","description":"","potentialAction":[{"@type":"SearchAction","target":{"@type":"EntryPoint","urlTemplate":"https:\/\/hotelseize.fr\/es\/?s={search_term_string}"},"query-input":{"@type":"PropertyValueSpecification","valueRequired":true,"valueName":"search_term_string"}}],"inLanguage":"es"}]}},"acf":[],"_links":{"self":[{"href":"https:\/\/hotelseize.fr\/es\/wp-json\/wp\/v2\/pages\/151","targetHints":{"allow":["GET"]}}],"collection":[{"href":"https:\/\/hotelseize.fr\/es\/wp-json\/wp\/v2\/pages"}],"about":[{"href":"https:\/\/hotelseize.fr\/es\/wp-json\/wp\/v2\/types\/page"}],"author":[{"embeddable":true,"href":"https:\/\/hotelseize.fr\/es\/wp-json\/wp\/v2\/users\/137"}],"replies":[{"embeddable":true,"href":"https:\/\/hotelseize.fr\/es\/wp-json\/wp\/v2\/comments?post=151"}],"version-history":[{"count":0,"href":"https:\/\/hotelseize.fr\/es\/wp-json\/wp\/v2\/pages\/151\/revisions"}],"up":[{"embeddable":true,"href":"https:\/\/hotelseize.fr\/es\/wp-json\/wp\/v2\/pages\/147"}],"wp:attachment":[{"href":"https:\/\/hotelseize.fr\/es\/wp-json\/wp\/v2\/media?parent=151"}],"curies":[{"name":"wp","href":"https:\/\/api.w.org\/{rel}","templated":true}]}}