{"id":137,"date":"2020-11-04T16:52:08","date_gmt":"2020-11-04T16:52:08","guid":{"rendered":"http:\/\/hotel-seize-nice.ms.decms.eu\/home\/"},"modified":"2025-03-26T17:48:41","modified_gmt":"2025-03-26T17:48:41","slug":"home","status":"publish","type":"page","link":"https:\/\/hotelseize.fr\/en\/","title":{"rendered":"Welcome to Nice"},"content":{"rendered":"<p>A friendly team, aesthetically contrasting decor, a perfect location&#8230; Yannick Bouchard looks forward to welcoming you.<\/p>\n<blockquote><p>A part of Nice\u2019s soul can be found here. A perfect imperfection which is found in our characters, our city, this hotel, all unique.<\/p><\/blockquote>\n<p>\u00c0 deux pas du Mus\u00e9e d\u2019Art Moderne et d\u2019Art Contemporain de Nice, Yannick et son \u00e9quipe vous accueille \u00e0 l\u2019H\u00f4tel Le Seize, <strong>Nice Centre<\/strong>, plac\u00e9 sous le th\u00e8me des artistes ni\u00e7ois.<\/p>\n<p>A stone\u2019s throw from Nice\u2019s Modern and Contemporary Art Museum, Yannicks welcomes you to Hotel Le Seize, Nice Centre hotel featuring Nice artists. Pupils from the MJM Graphic Design school have given a very dynamic feel to this 3-star hotel\u2019s 34 rooms, corridors, stairways and breakfast room with pop culture and street art paintings.<\/p>\n<p>\u201c<em>I love the unique character of this place<\/em>,\u201d explains Yannick. \u201c<em>By that I mean the contrast between the modernity of the interior decor and the building from the Belle Epoque.<\/em>\u201d A big contrast, a bit like the hotel owner\u2019s own career path, a chef by training, he hung up his oven gloves to take over running his hotel in the city Old Town and make the best of his guests holidays in Nice. \u201c<em>The human contact makes it so much more enjoyable!<\/em>\u201d A charming place, lovely people, this Nice establishment is delightful.<\/p>\n","protected":false},"excerpt":{"rendered":"<p>A friendly team, aesthetically contrasting decor, a perfect location&#8230; Yannick Bouchard looks forward to welcoming [&hellip;]<\/p>\n","protected":false},"author":137,"featured_media":0,"parent":0,"menu_order":0,"comment_status":"closed","ping_status":"closed","template":"","meta":{"footnotes":""},"class_list":["post-137","page","type-page","status-publish","hentry"],"yoast_head":"<!-- This site is optimized with the Yoast SEO plugin v26.9 - https:\/\/yoast.com\/product\/yoast-seo-wordpress\/ -->\n<title>Hotel Downtown Nice | H\u00f4tel Le Seize | Officiel website<\/title>\n<meta name=\"description\" content=\"Book your room at the best price in the real center of Nice, on our official website. Welcome to H\u00f4tel Le Seize Nice.\" \/>\n<meta name=\"robots\" content=\"index, follow, max-snippet:-1, max-image-preview:large, max-video-preview:-1\" \/>\n<link rel=\"canonical\" href=\"https:\/\/hotelseize.fr\/en\/\" \/>\n<meta property=\"og:locale\" content=\"en_US\" \/>\n<meta property=\"og:type\" content=\"article\" \/>\n<meta property=\"og:title\" content=\"Hotel Downtown Nice | H\u00f4tel Le Seize | Officiel website\" \/>\n<meta property=\"og:description\" content=\"Book your room at the best price in the real center of Nice, on our official website. Welcome to H\u00f4tel Le Seize Nice.\" \/>\n<meta property=\"og:url\" content=\"https:\/\/hotelseize.fr\/en\/\" \/>\n<meta property=\"og:site_name\" content=\"Le Seize\" \/>\n<meta property=\"article:modified_time\" content=\"2025-03-26T17:48:41+00:00\" \/>\n<meta name=\"twitter:card\" content=\"summary_large_image\" \/>\n<meta name=\"twitter:label1\" content=\"Est. reading time\" \/>\n\t<meta name=\"twitter:data1\" content=\"1 minute\" \/>\n<script type=\"application\/ld+json\" class=\"yoast-schema-graph\">{\"@context\":\"https:\/\/schema.org\",\"@graph\":[{\"@type\":\"WebPage\",\"@id\":\"https:\/\/hotelseize.fr\/en\/\",\"url\":\"https:\/\/hotelseize.fr\/en\/\",\"name\":\"Hotel Downtown Nice | H\u00f4tel Le Seize | Officiel website\",\"isPartOf\":{\"@id\":\"https:\/\/hotelseize.fr\/en\/#website\"},\"datePublished\":\"2020-11-04T16:52:08+00:00\",\"dateModified\":\"2025-03-26T17:48:41+00:00\",\"description\":\"Book your room at the best price in the real center of Nice, on our official website. Welcome to H\u00f4tel Le Seize Nice.\",\"breadcrumb\":{\"@id\":\"https:\/\/hotelseize.fr\/en\/#breadcrumb\"},\"inLanguage\":\"en-US\",\"potentialAction\":[{\"@type\":\"ReadAction\",\"target\":[\"https:\/\/hotelseize.fr\/en\/\"]}]},{\"@type\":\"BreadcrumbList\",\"@id\":\"https:\/\/hotelseize.fr\/en\/#breadcrumb\",\"itemListElement\":[{\"@type\":\"ListItem\",\"position\":1,\"name\":\"Home\",\"item\":\"https:\/\/hotelseize.fr\/en\/\"},{\"@type\":\"ListItem\",\"position\":2,\"name\":\"Welcome to Nice\"}]},{\"@type\":\"WebSite\",\"@id\":\"https:\/\/hotelseize.fr\/en\/#website\",\"url\":\"https:\/\/hotelseize.fr\/en\/\",\"name\":\"Le Seize\",\"description\":\"\",\"potentialAction\":[{\"@type\":\"SearchAction\",\"target\":{\"@type\":\"EntryPoint\",\"urlTemplate\":\"https:\/\/hotelseize.fr\/en\/?s={search_term_string}\"},\"query-input\":{\"@type\":\"PropertyValueSpecification\",\"valueRequired\":true,\"valueName\":\"search_term_string\"}}],\"inLanguage\":\"en-US\"}]}<\/script>\n<!-- \/ Yoast SEO plugin. -->","yoast_head_json":{"title":"Hotel Downtown Nice | H\u00f4tel Le Seize | Officiel website","description":"Book your room at the best price in the real center of Nice, on our official website. Welcome to H\u00f4tel Le Seize Nice.","robots":{"index":"index","follow":"follow","max-snippet":"max-snippet:-1","max-image-preview":"max-image-preview:large","max-video-preview":"max-video-preview:-1"},"canonical":"https:\/\/hotelseize.fr\/en\/","og_locale":"en_US","og_type":"article","og_title":"Hotel Downtown Nice | H\u00f4tel Le Seize | Officiel website","og_description":"Book your room at the best price in the real center of Nice, on our official website. Welcome to H\u00f4tel Le Seize Nice.","og_url":"https:\/\/hotelseize.fr\/en\/","og_site_name":"Le Seize","article_modified_time":"2025-03-26T17:48:41+00:00","twitter_card":"summary_large_image","twitter_misc":{"Est. reading time":"1 minute"},"schema":{"@context":"https:\/\/schema.org","@graph":[{"@type":"WebPage","@id":"https:\/\/hotelseize.fr\/en\/","url":"https:\/\/hotelseize.fr\/en\/","name":"Hotel Downtown Nice | H\u00f4tel Le Seize | Officiel website","isPartOf":{"@id":"https:\/\/hotelseize.fr\/en\/#website"},"datePublished":"2020-11-04T16:52:08+00:00","dateModified":"2025-03-26T17:48:41+00:00","description":"Book your room at the best price in the real center of Nice, on our official website. Welcome to H\u00f4tel Le Seize Nice.","breadcrumb":{"@id":"https:\/\/hotelseize.fr\/en\/#breadcrumb"},"inLanguage":"en-US","potentialAction":[{"@type":"ReadAction","target":["https:\/\/hotelseize.fr\/en\/"]}]},{"@type":"BreadcrumbList","@id":"https:\/\/hotelseize.fr\/en\/#breadcrumb","itemListElement":[{"@type":"ListItem","position":1,"name":"Home","item":"https:\/\/hotelseize.fr\/en\/"},{"@type":"ListItem","position":2,"name":"Welcome to Nice"}]},{"@type":"WebSite","@id":"https:\/\/hotelseize.fr\/en\/#website","url":"https:\/\/hotelseize.fr\/en\/","name":"Le Seize","description":"","potentialAction":[{"@type":"SearchAction","target":{"@type":"EntryPoint","urlTemplate":"https:\/\/hotelseize.fr\/en\/?s={search_term_string}"},"query-input":{"@type":"PropertyValueSpecification","valueRequired":true,"valueName":"search_term_string"}}],"inLanguage":"en-US"}]}},"acf":[],"_links":{"self":[{"href":"https:\/\/hotelseize.fr\/en\/wp-json\/wp\/v2\/pages\/137","targetHints":{"allow":["GET"]}}],"collection":[{"href":"https:\/\/hotelseize.fr\/en\/wp-json\/wp\/v2\/pages"}],"about":[{"href":"https:\/\/hotelseize.fr\/en\/wp-json\/wp\/v2\/types\/page"}],"author":[{"embeddable":true,"href":"https:\/\/hotelseize.fr\/en\/wp-json\/wp\/v2\/users\/137"}],"replies":[{"embeddable":true,"href":"https:\/\/hotelseize.fr\/en\/wp-json\/wp\/v2\/comments?post=137"}],"version-history":[{"count":0,"href":"https:\/\/hotelseize.fr\/en\/wp-json\/wp\/v2\/pages\/137\/revisions"}],"wp:attachment":[{"href":"https:\/\/hotelseize.fr\/en\/wp-json\/wp\/v2\/media?parent=137"}],"curies":[{"name":"wp","href":"https:\/\/api.w.org\/{rel}","templated":true}]}}